{"id":1117,"date":"2025-07-28T10:13:25","date_gmt":"2025-07-28T10:13:25","guid":{"rendered":"https:\/\/artificient.bizdi.net\/?page_id=1117"},"modified":"2025-10-10T02:05:33","modified_gmt":"2025-10-10T02:05:33","slug":"about-us","status":"publish","type":"page","link":"https:\/\/artificient.de\/de\/about-us\/","title":{"rendered":"About Us"},"content":{"rendered":"<div data-elementor-type=\"wp-page\" data-elementor-id=\"1117\" class=\"elementor elementor-1117\" data-elementor-post-type=\"page\">\n\t\t\t\t<div class=\"elementor-element elementor-element-29c47bc e-con-full e-flex e-con e-parent\" data-id=\"29c47bc\" data-element_type=\"container\" data-e-type=\"container\" data-settings=\"{&quot;background_background&quot;:&quot;classic&quot;}\">\n\t\t\t\t<div class=\"elementor-element elementor-element-9a7f8b6 elementor-invisible elementor-widget elementor-widget-heading\" data-id=\"9a7f8b6\" data-element_type=\"widget\" data-e-type=\"widget\" data-settings=\"{&quot;_animation&quot;:&quot;fadeInUp&quot;}\" data-widget_type=\"heading.default\">\n\t\t\t\t\t<span class=\"elementor-heading-title elementor-size-default\">\u00dcber uns<\/span>\t\t\t\t<\/div>\n\t\t\t\t<div class=\"elementor-element elementor-element-6909572 elementor-widget__width-initial elementor-invisible elementor-widget elementor-widget-heading\" data-id=\"6909572\" data-element_type=\"widget\" data-e-type=\"widget\" data-settings=\"{&quot;_animation&quot;:&quot;fadeInUp&quot;}\" data-widget_type=\"heading.default\">\n\t\t\t\t\t<h1 class=\"elementor-heading-title elementor-size-default\">Die Intelligenzschicht der Mobilit\u00e4t antreiben<\/h1>\t\t\t\t<\/div>\n\t\t\t\t<\/div>\n\t\t<div class=\"elementor-element elementor-element-768b3f5 e-flex e-con-boxed e-con e-parent\" data-id=\"768b3f5\" data-element_type=\"container\" data-e-type=\"container\" data-settings=\"{&quot;background_background&quot;:&quot;classic&quot;}\">\n\t\t\t\t\t<div class=\"e-con-inner\">\n\t\t<div class=\"elementor-element elementor-element-9c6f046 e-con-full e-flex e-con e-child\" data-id=\"9c6f046\" data-element_type=\"container\" data-e-type=\"container\">\n\t\t\t\t<div class=\"elementor-element elementor-element-2e07645 elementor-invisible elementor-widget elementor-widget-heading\" data-id=\"2e07645\" data-element_type=\"widget\" data-e-type=\"widget\" data-settings=\"{&quot;_animation&quot;:&quot;fadeInUp&quot;}\" data-widget_type=\"heading.default\">\n\t\t\t\t\t<h3 class=\"elementor-heading-title elementor-size-default\">Unterst\u00fctzt von<\/h3>\t\t\t\t<\/div>\n\t\t\t\t<div class=\"elementor-element elementor-element-d6245dc elementor-widget elementor-widget-infinite_logo_slider\" data-id=\"d6245dc\" data-element_type=\"widget\" data-e-type=\"widget\" data-widget_type=\"infinite_logo_slider.default\">\n\t\t\t\t<div class=\"elementor-widget-container\">\n\t\t\t\t\t        <div class=\"ils-marquee\" style=\"--ils-height:32px; --ils-gap:30px; --ils-speed:13s;\">\n            <div class=\"ils-track\">\n                                    <div class=\"ils-item\"><img decoding=\"async\" src=\"https:\/\/artificient.de\/wp-content\/uploads\/2025\/07\/logo-2.png\" alt=\"\"><\/div>\n                                    <div class=\"ils-item\"><img decoding=\"async\" src=\"https:\/\/artificient.de\/wp-content\/uploads\/2025\/07\/logo-3.png\" alt=\"\"><\/div>\n                                    <div class=\"ils-item\"><img decoding=\"async\" src=\"https:\/\/artificient.de\/wp-content\/uploads\/2025\/07\/logo-4.png\" alt=\"\"><\/div>\n                                    <div class=\"ils-item\"><img decoding=\"async\" src=\"https:\/\/artificient.de\/wp-content\/uploads\/2025\/07\/logo-6.png\" alt=\"\"><\/div>\n                                    <div class=\"ils-item\"><img decoding=\"async\" src=\"https:\/\/artificient.de\/wp-content\/uploads\/2025\/07\/logo-7.png\" alt=\"\"><\/div>\n                                    <div class=\"ils-item\"><img decoding=\"async\" src=\"https:\/\/artificient.de\/wp-content\/uploads\/2025\/07\/logo-8.png\" alt=\"\"><\/div>\n                                    <div class=\"ils-item\"><img decoding=\"async\" src=\"https:\/\/artificient.de\/wp-content\/uploads\/2025\/07\/logo-9.png\" alt=\"\"><\/div>\n                                    <div class=\"ils-item\"><img decoding=\"async\" src=\"https:\/\/artificient.de\/wp-content\/uploads\/2025\/07\/logo-10.png\" alt=\"\"><\/div>\n                                    <div class=\"ils-item\"><img decoding=\"async\" src=\"https:\/\/artificient.de\/wp-content\/uploads\/2025\/07\/logo-1.png\" alt=\"\"><\/div>\n                                    <div class=\"ils-item\"><img decoding=\"async\" src=\"https:\/\/artificient.de\/wp-content\/uploads\/2025\/07\/logo-2.png\" alt=\"\"><\/div>\n                                    <div class=\"ils-item\"><img decoding=\"async\" src=\"https:\/\/artificient.de\/wp-content\/uploads\/2025\/07\/logo-3.png\" alt=\"\"><\/div>\n                                    <div class=\"ils-item\"><img decoding=\"async\" src=\"https:\/\/artificient.de\/wp-content\/uploads\/2025\/07\/logo-4.png\" alt=\"\"><\/div>\n                                    <div class=\"ils-item\"><img decoding=\"async\" src=\"https:\/\/artificient.de\/wp-content\/uploads\/2025\/07\/logo-6.png\" alt=\"\"><\/div>\n                                    <div class=\"ils-item\"><img decoding=\"async\" src=\"https:\/\/artificient.de\/wp-content\/uploads\/2025\/07\/logo-7.png\" alt=\"\"><\/div>\n                                    <div class=\"ils-item\"><img decoding=\"async\" src=\"https:\/\/artificient.de\/wp-content\/uploads\/2025\/07\/logo-8.png\" alt=\"\"><\/div>\n                                    <div class=\"ils-item\"><img decoding=\"async\" src=\"https:\/\/artificient.de\/wp-content\/uploads\/2025\/07\/logo-9.png\" alt=\"\"><\/div>\n                                    <div class=\"ils-item\"><img decoding=\"async\" src=\"https:\/\/artificient.de\/wp-content\/uploads\/2025\/07\/logo-10.png\" alt=\"\"><\/div>\n                                    <div class=\"ils-item\"><img decoding=\"async\" src=\"https:\/\/artificient.de\/wp-content\/uploads\/2025\/07\/logo-1.png\" alt=\"\"><\/div>\n                                    <div class=\"ils-item\"><img decoding=\"async\" src=\"https:\/\/artificient.de\/wp-content\/uploads\/2025\/07\/logo-2.png\" alt=\"\"><\/div>\n                                    <div class=\"ils-item\"><img decoding=\"async\" src=\"https:\/\/artificient.de\/wp-content\/uploads\/2025\/07\/logo-3.png\" alt=\"\"><\/div>\n                                    <div class=\"ils-item\"><img decoding=\"async\" src=\"https:\/\/artificient.de\/wp-content\/uploads\/2025\/07\/logo-4.png\" alt=\"\"><\/div>\n                                    <div class=\"ils-item\"><img decoding=\"async\" src=\"https:\/\/artificient.de\/wp-content\/uploads\/2025\/07\/logo-6.png\" alt=\"\"><\/div>\n                                    <div class=\"ils-item\"><img decoding=\"async\" src=\"https:\/\/artificient.de\/wp-content\/uploads\/2025\/07\/logo-7.png\" alt=\"\"><\/div>\n                                    <div class=\"ils-item\"><img decoding=\"async\" src=\"https:\/\/artificient.de\/wp-content\/uploads\/2025\/07\/logo-8.png\" alt=\"\"><\/div>\n                                    <div class=\"ils-item\"><img decoding=\"async\" src=\"https:\/\/artificient.de\/wp-content\/uploads\/2025\/07\/logo-9.png\" alt=\"\"><\/div>\n                                    <div class=\"ils-item\"><img decoding=\"async\" src=\"https:\/\/artificient.de\/wp-content\/uploads\/2025\/07\/logo-10.png\" alt=\"\"><\/div>\n                                    <div class=\"ils-item\"><img decoding=\"async\" src=\"https:\/\/artificient.de\/wp-content\/uploads\/2025\/07\/logo-1.png\" alt=\"\"><\/div>\n                            <\/div>\n        <\/div>\n        \t\t\t\t<\/div>\n\t\t\t\t<\/div>\n\t\t\t\t<\/div>\n\t\t\t\t\t<\/div>\n\t\t\t\t<\/div>\n\t\t<div class=\"elementor-element elementor-element-ac26866 e-flex e-con-boxed e-con e-parent\" data-id=\"ac26866\" data-element_type=\"container\" data-e-type=\"container\">\n\t\t\t\t\t<div class=\"e-con-inner\">\n\t\t<div class=\"elementor-element elementor-element-e2689f9 e-con-full e-grid e-con e-child\" data-id=\"e2689f9\" data-element_type=\"container\" data-e-type=\"container\">\n\t\t<div class=\"elementor-element elementor-element-734a357 e-con-full e-flex e-con e-child\" data-id=\"734a357\" data-element_type=\"container\" data-e-type=\"container\">\n\t\t\t\t<div class=\"elementor-element elementor-element-6802dfc elementor-widget__width-initial elementor-invisible elementor-widget elementor-widget-heading\" data-id=\"6802dfc\" data-element_type=\"widget\" data-e-type=\"widget\" data-settings=\"{&quot;_animation&quot;:&quot;fadeInUp&quot;}\" data-widget_type=\"heading.default\">\n\t\t\t\t\t<h2 class=\"elementor-heading-title elementor-size-default\">In der Forschung verwurzelt, vom Impact angetrieben<\/h2>\t\t\t\t<\/div>\n\t\t\t\t<\/div>\n\t\t<div class=\"elementor-element elementor-element-aaa670d e-con-full e-flex e-con e-child\" data-id=\"aaa670d\" data-element_type=\"container\" data-e-type=\"container\">\n\t\t\t\t<div class=\"elementor-element elementor-element-8653b71 elementor-widget elementor-widget-text-editor\" data-id=\"8653b71\" data-element_type=\"widget\" data-e-type=\"widget\" data-widget_type=\"text-editor.default\">\n\t\t\t\t\t\t\t\t\t<p>Als Spin-off der RWTH Aachen gegr\u00fcndet, sind wir ein Deep-Tech-Unternehmen mit der Vision, Mobilit\u00e4t sicherer, intelligenter und nachhaltiger zu gestalten. Unsere Wurzeln in der Spitzenforschung treiben unser Engagement an, zuverl\u00e4ssige und skalierbare L\u00f6sungen zu entwickeln, die reale Herausforderungen in verschiedenen Branchen meistern.<br \/><br \/>Mit tiefgreifender Expertise in Automotive AI, Data Science und mobilen Technologien arbeiten wir mit globalen Partnern zusammen, um das volle Potenzial von Mobilit\u00e4tsdaten zu erschlie\u00dfen. Von Versicherungen \u00fcber Logistik und Shared Mobility bis hin zu digitaler Gesundheit ist es unsere Mission, Organisationen mit Erkenntnissen zu bef\u00e4higen, bessere Entscheidungen zu treffen, die Leistung zu steigern und eine verantwortungsvollere Zukunft zu gestalten.<\/p>\t\t\t\t\t\t\t\t<\/div>\n\t\t\t\t<\/div>\n\t\t\t\t<\/div>\n\t\t\t\t\t<\/div>\n\t\t\t\t<\/div>\n\t\t<div class=\"elementor-element elementor-element-6c8c844 e-flex e-con-boxed e-con e-parent\" data-id=\"6c8c844\" data-element_type=\"container\" data-e-type=\"container\">\n\t\t\t\t\t<div class=\"e-con-inner\">\n\t\t<div class=\"elementor-element elementor-element-d6a7540 e-con-full e-flex e-con e-child\" data-id=\"d6a7540\" data-element_type=\"container\" data-e-type=\"container\">\n\t\t\t\t<div class=\"elementor-element elementor-element-ed3106c elementor-widget elementor-widget-infinite_logo_slider\" data-id=\"ed3106c\" data-element_type=\"widget\" data-e-type=\"widget\" data-widget_type=\"infinite_logo_slider.default\">\n\t\t\t\t<div class=\"elementor-widget-container\">\n\t\t\t\t\t        <div class=\"ils-marquee\" style=\"--ils-height:130px; --ils-gap:47px; --ils-speed:14s;\">\n            <div class=\"ils-track\">\n                                    <div class=\"ils-item\"><img decoding=\"async\" src=\"https:\/\/artificient.de\/wp-content\/uploads\/2025\/07\/logo-11.png\" alt=\"\"><\/div>\n                                    <div class=\"ils-item\"><img decoding=\"async\" src=\"https:\/\/artificient.de\/wp-content\/uploads\/2025\/07\/logo-12.png\" alt=\"\"><\/div>\n                                    <div class=\"ils-item\"><img decoding=\"async\" src=\"https:\/\/artificient.de\/wp-content\/uploads\/2025\/07\/logo-13.png\" alt=\"\"><\/div>\n                                    <div class=\"ils-item\"><img decoding=\"async\" src=\"https:\/\/artificient.de\/wp-content\/uploads\/2025\/07\/logo-11.png\" alt=\"\"><\/div>\n                                    <div class=\"ils-item\"><img decoding=\"async\" src=\"https:\/\/artificient.de\/wp-content\/uploads\/2025\/07\/logo-12.png\" alt=\"\"><\/div>\n                                    <div class=\"ils-item\"><img decoding=\"async\" src=\"https:\/\/artificient.de\/wp-content\/uploads\/2025\/07\/logo-13.png\" alt=\"\"><\/div>\n                                    <div class=\"ils-item\"><img decoding=\"async\" src=\"https:\/\/artificient.de\/wp-content\/uploads\/2025\/07\/logo-11.png\" alt=\"\"><\/div>\n                                    <div class=\"ils-item\"><img decoding=\"async\" src=\"https:\/\/artificient.de\/wp-content\/uploads\/2025\/07\/logo-12.png\" alt=\"\"><\/div>\n                                    <div class=\"ils-item\"><img decoding=\"async\" src=\"https:\/\/artificient.de\/wp-content\/uploads\/2025\/07\/logo-13.png\" alt=\"\"><\/div>\n                            <\/div>\n        <\/div>\n        \t\t\t\t<\/div>\n\t\t\t\t<\/div>\n\t\t\t\t<\/div>\n\t\t\t\t\t<\/div>\n\t\t\t\t<\/div>\n\t\t<div class=\"elementor-element elementor-element-86d90c8 e-flex e-con-boxed e-con e-parent\" data-id=\"86d90c8\" data-element_type=\"container\" data-e-type=\"container\" data-settings=\"{&quot;background_background&quot;:&quot;classic&quot;}\">\n\t\t\t\t\t<div class=\"e-con-inner\">\n\t\t<div class=\"elementor-element elementor-element-c050031 e-con-full e-flex e-con e-child\" data-id=\"c050031\" data-element_type=\"container\" data-e-type=\"container\">\n\t\t\t\t<div class=\"elementor-element elementor-element-db8f10e elementor-widget__width-initial elementor-invisible elementor-widget elementor-widget-heading\" data-id=\"db8f10e\" data-element_type=\"widget\" data-e-type=\"widget\" data-settings=\"{&quot;_animation&quot;:&quot;fadeInUp&quot;}\" data-widget_type=\"heading.default\">\n\t\t\t\t\t<h2 class=\"elementor-heading-title elementor-size-default\">Wir freuen uns auf Ihre Nachricht <\/h2>\t\t\t\t<\/div>\n\t\t\t\t<div class=\"elementor-element elementor-element-abd5bdf elementor-widget__width-initial elementor-invisible elementor-widget elementor-widget-text-editor\" data-id=\"abd5bdf\" data-element_type=\"widget\" data-e-type=\"widget\" data-settings=\"{&quot;_animation&quot;:&quot;fadeInUp&quot;}\" data-widget_type=\"text-editor.default\">\n\t\t\t\t\t\t\t\t\t<p>Wir freuen uns, von Ihnen zu h\u00f6ren - ganz gleich, ob Sie mehr \u00fcber unsere Technologie erfahren m\u00f6chten, eine m\u00f6gliche Partnerschaft erkunden oder einfach mehr \u00fcber uns wissen wollen. Kontaktieren Sie uns jederzeit. Wir sind gerne f\u00fcr Sie da.<\/p>\t\t\t\t\t\t\t\t<\/div>\n\t\t\t\t<div class=\"elementor-element elementor-element-60cb040 button-book-demo elementor-invisible elementor-widget elementor-widget-button\" data-id=\"60cb040\" data-element_type=\"widget\" data-e-type=\"widget\" data-settings=\"{&quot;_animation&quot;:&quot;fadeInUp&quot;}\" data-widget_type=\"button.default\">\n\t\t\t\t\t\t\t\t\t\t<a class=\"elementor-button elementor-button-link elementor-size-sm\" href=\"https:\/\/artificient.de\/de\/contact\/\">\n\t\t\t\t\t\t<span class=\"elementor-button-content-wrapper\">\n\t\t\t\t\t\t<span class=\"elementor-button-icon\">\n\t\t\t\t<svg xmlns=\"http:\/\/www.w3.org\/2000\/svg\" width=\"24\" height=\"25\" viewbox=\"0 0 24 25\" fill=\"none\"><path d=\"M9 18.5L15 12.5L9 6.5\" stroke=\"#0F1A2B\" stroke-width=\"1.5\" stroke-linecap=\"round\" stroke-linejoin=\"round\"><\/path><\/svg>\t\t\t<\/span>\n\t\t\t\t\t\t\t\t\t<span class=\"elementor-button-text\">Jetzt Kontakt aufnehmen<\/span>\n\t\t\t\t\t<\/span>\n\t\t\t\t\t<\/a>\n\t\t\t\t\t\t\t\t<\/div>\n\t\t\t\t<\/div>\n\t\t\t\t\t<\/div>\n\t\t\t\t<\/div>\n\t\t\t\t<\/div>","protected":false},"excerpt":{"rendered":"<p>About us Powering the Intelligence Layer of Mobility Supported by Rooted in Research, Driven by Impact Founded as a spin-off from RWTH Aachen University, we are a deep tech company driven by the vision of making mobility safer, smarter, and more sustainable. Our roots in cutting-edge academic research fuel our commitment to building reliable, scalable [&hellip;]<\/p>\n","protected":false},"author":1,"featured_media":0,"parent":0,"menu_order":0,"comment_status":"closed","ping_status":"closed","template":"","meta":{"inline_featured_image":false,"footnotes":""},"class_list":["post-1117","page","type-page","status-publish","hentry"],"_links":{"self":[{"href":"https:\/\/artificient.de\/de\/wp-json\/wp\/v2\/pages\/1117","targetHints":{"allow":["GET"]}}],"collection":[{"href":"https:\/\/artificient.de\/de\/wp-json\/wp\/v2\/pages"}],"about":[{"href":"https:\/\/artificient.de\/de\/wp-json\/wp\/v2\/types\/page"}],"author":[{"embeddable":true,"href":"https:\/\/artificient.de\/de\/wp-json\/wp\/v2\/users\/1"}],"replies":[{"embeddable":true,"href":"https:\/\/artificient.de\/de\/wp-json\/wp\/v2\/comments?post=1117"}],"version-history":[{"count":46,"href":"https:\/\/artificient.de\/de\/wp-json\/wp\/v2\/pages\/1117\/revisions"}],"predecessor-version":[{"id":2411,"href":"https:\/\/artificient.de\/de\/wp-json\/wp\/v2\/pages\/1117\/revisions\/2411"}],"wp:attachment":[{"href":"https:\/\/artificient.de\/de\/wp-json\/wp\/v2\/media?parent=1117"}],"curies":[{"name":"wp","href":"https:\/\/api.w.org\/{rel}","templated":true}]}}