{"id":585,"date":"2025-07-16T15:00:49","date_gmt":"2025-07-16T15:00:49","guid":{"rendered":"https:\/\/artificient.bizdi.net\/?page_id=585"},"modified":"2025-08-05T02:47:55","modified_gmt":"2025-08-05T02:47:55","slug":"contact","status":"publish","type":"page","link":"https:\/\/artificient.de\/de\/contact\/","title":{"rendered":"Kontakt"},"content":{"rendered":"<div data-elementor-type=\"wp-page\" data-elementor-id=\"585\" class=\"elementor elementor-585\" data-elementor-post-type=\"page\">\n\t\t\t\t<div class=\"elementor-element elementor-element-a51d9f9 e-flex e-con-boxed e-con e-parent\" data-id=\"a51d9f9\" data-element_type=\"container\" data-e-type=\"container\">\n\t\t\t\t\t<div class=\"e-con-inner\">\n\t\t<div class=\"elementor-element elementor-element-19f1616 e-con-full e-grid e-con e-child\" data-id=\"19f1616\" data-element_type=\"container\" data-e-type=\"container\">\n\t\t<div class=\"elementor-element elementor-element-412ea9f e-con-full e-flex e-con e-child\" data-id=\"412ea9f\" data-element_type=\"container\" data-e-type=\"container\">\n\t\t\t\t<div class=\"elementor-element elementor-element-8035ca7 elementor-position-inline-start elementor-mobile-position-inline-start elementor-widget__width-auto icon-center elementor-view-default elementor-invisible elementor-widget elementor-widget-icon-box\" data-id=\"8035ca7\" data-element_type=\"widget\" data-e-type=\"widget\" data-settings=\"{&quot;_animation&quot;:&quot;fadeInUp&quot;}\" data-widget_type=\"icon-box.default\">\n\t\t\t\t\t\t\t<div class=\"elementor-icon-box-wrapper\">\n\n\t\t\t\t\t\t<div class=\"elementor-icon-box-icon\">\n\t\t\t\t<span  class=\"elementor-icon\">\n\t\t\t\t<svg xmlns=\"http:\/\/www.w3.org\/2000\/svg\" width=\"16\" height=\"20\" viewbox=\"0 0 16 20\" fill=\"none\"><path d=\"M12.2791 19.4546C12.2791 19.5993 12.2203 19.738 12.1156 19.8403C12.0109 19.9425 11.869 20 11.7209 20H4.27915C4.13113 20 3.98916 19.9425 3.88449 19.8403C3.77982 19.738 3.72102 19.5993 3.72102 19.4546C3.72102 19.31 3.77982 19.1712 3.88449 19.069C3.98916 18.9667 4.13113 18.9092 4.27915 18.9092H11.7209C11.869 18.9092 12.0109 18.9667 12.1156 19.069C12.2203 19.1712 12.2791 19.31 12.2791 19.4546ZM16 7.81956C16.0031 9.00435 15.7292 10.1742 15.1991 11.2398C14.669 12.3053 13.8968 13.2385 12.9414 13.968C12.7365 14.1218 12.5703 14.3194 12.4556 14.5457C12.3408 14.7719 12.2804 15.0208 12.2791 15.2733V15.8187C12.2791 16.1562 12.1419 16.4799 11.8976 16.7185C11.6534 16.9572 11.3222 17.0912 10.9768 17.0912H5.02333C4.67794 17.0912 4.34669 16.9572 4.10246 16.7185C3.85823 16.4799 3.72102 16.1562 3.72102 15.8187V15.2733C3.72077 15.0234 3.66195 14.7769 3.54907 14.5527C3.4362 14.3285 3.27227 14.1325 3.06986 13.9798C2.11752 13.255 1.34628 12.3282 0.814461 11.2693C0.282647 10.2104 0.00418202 9.04725 0.000124515 7.86774C-0.0240613 3.63004 3.47823 0.104072 7.80749 0.00226498C8.87415 -0.0228304 9.93517 0.160829 10.9281 0.542434C11.921 0.924039 12.8258 1.49588 13.5892 2.2243C14.3526 2.95271 14.9591 3.82299 15.3731 4.7839C15.7872 5.74482 16.0003 6.77695 16 7.81956ZM14.8837 7.81956C14.884 6.92236 14.7006 6.03418 14.3443 5.20729C13.988 4.3804 13.466 3.63153 12.809 3.00474C12.1521 2.37795 11.3734 1.88592 10.519 1.55761C9.66449 1.2293 8.75143 1.07135 7.83354 1.09305C4.10892 1.18395 1.09593 4.21451 1.11639 7.85774C1.11992 8.87287 1.35958 9.87393 1.81726 10.7852C2.27494 11.6966 2.93865 12.4943 3.75823 13.1181C4.09477 13.3727 4.36705 13.6995 4.55412 14.0731C4.74119 14.4467 4.83806 14.8573 4.83729 15.2733V15.8187C4.83729 15.8669 4.85689 15.9131 4.89178 15.9472C4.92667 15.9813 4.97399 16.0005 5.02333 16.0005H10.9768C11.0261 16.0005 11.0734 15.9813 11.1083 15.9472C11.1432 15.9131 11.1628 15.8669 11.1628 15.8187V15.2733C11.164 14.8558 11.2626 14.4441 11.4512 14.0695C11.6398 13.6949 11.9134 13.3673 12.2512 13.1117C13.0738 12.484 13.7386 11.6809 14.1949 10.7637C14.6512 9.84644 14.8868 8.83941 14.8837 7.81956ZM13.0158 7.00147C12.8297 5.98521 12.3294 5.04906 11.5824 4.31903C10.8353 3.58901 9.87726 3.10017 8.83725 2.9183C8.76493 2.90636 8.69092 2.90846 8.61943 2.92447C8.54794 2.94049 8.48038 2.97011 8.42061 3.01164C8.29989 3.09551 8.21821 3.2228 8.19354 3.36552C8.16887 3.50824 8.20322 3.65469 8.28905 3.77265C8.37488 3.89062 8.50515 3.97043 8.65121 3.99454C10.2679 4.25996 11.64 5.60163 11.9144 7.18327C11.9364 7.31026 12.0036 7.42556 12.1043 7.50874C12.2049 7.59193 12.3324 7.63763 12.4642 7.63776C12.4953 7.63752 12.5264 7.63509 12.5572 7.63049C12.6296 7.6187 12.699 7.59307 12.7612 7.55506C12.8235 7.51704 12.8775 7.4674 12.9201 7.40897C12.9627 7.35054 12.9931 7.28446 13.0095 7.21454C13.0259 7.14461 13.0281 7.07221 13.0158 7.00147Z\" fill=\"#575757\"><\/path><\/svg>\t\t\t\t<\/span>\n\t\t\t<\/div>\n\t\t\t\n\t\t\t\t\t\t<div class=\"elementor-icon-box-content\">\n\n\t\t\t\t\t\t\t\t\t<h3 class=\"elementor-icon-box-title\">\n\t\t\t\t\t\t<span  >\n\t\t\t\t\t\t\tKontaktieren Sie uns\t\t\t\t\t\t<\/span>\n\t\t\t\t\t<\/h3>\n\t\t\t\t\n\t\t\t\t\n\t\t\t<\/div>\n\t\t\t\n\t\t<\/div>\n\t\t\t\t\t\t<\/div>\n\t\t\t\t<div class=\"elementor-element elementor-element-402af43 elementor-widget__width-initial elementor-invisible elementor-widget elementor-widget-heading\" data-id=\"402af43\" data-element_type=\"widget\" data-e-type=\"widget\" data-settings=\"{&quot;_animation&quot;:&quot;fadeInUp&quot;}\" data-widget_type=\"heading.default\">\n\t\t\t\t\t<h2 class=\"elementor-heading-title elementor-size-default\">Immer f\u00fcr Sie da - Kontaktieren Sie uns jederzeit<\/h2>\t\t\t\t<\/div>\n\t\t\t\t<div class=\"elementor-element elementor-element-3458cc6 elementor-widget__width-initial elementor-invisible elementor-widget elementor-widget-icon-box\" data-id=\"3458cc6\" data-element_type=\"widget\" data-e-type=\"widget\" data-settings=\"{&quot;_animation&quot;:&quot;fadeInUp&quot;}\" data-widget_type=\"icon-box.default\">\n\t\t\t\t\t\t\t<div class=\"elementor-icon-box-wrapper\">\n\n\t\t\t\n\t\t\t\t\t\t<div class=\"elementor-icon-box-content\">\n\n\t\t\t\t\n\t\t\t\t\t\t\t\t\t<p class=\"elementor-icon-box-description\">\n\t\t\t\t\t\tSie k\u00f6nnen uns per E-Mail, Telefon oder \u00fcber das Formular auf dieser Seite kontaktieren. Wir bem\u00fchen uns, zeitnah zu antworten und freuen uns darauf, bald mit Ihnen in Kontakt zu treten!\t\t\t\t\t<\/p>\n\t\t\t\t\n\t\t\t<\/div>\n\t\t\t\n\t\t<\/div>\n\t\t\t\t\t\t<\/div>\n\t\t\t\t<div class=\"elementor-element elementor-element-938c9af elementor-position-inline-start elementor-mobile-position-inline-start icon-center elementor-view-default elementor-invisible elementor-widget elementor-widget-icon-box\" data-id=\"938c9af\" data-element_type=\"widget\" data-e-type=\"widget\" data-settings=\"{&quot;_animation&quot;:&quot;fadeInUp&quot;}\" data-widget_type=\"icon-box.default\">\n\t\t\t\t\t\t\t<div class=\"elementor-icon-box-wrapper\">\n\n\t\t\t\t\t\t<div class=\"elementor-icon-box-icon\">\n\t\t\t\t<span  class=\"elementor-icon\">\n\t\t\t\t<svg xmlns=\"http:\/\/www.w3.org\/2000\/svg\" width=\"23\" height=\"23\" viewbox=\"0 0 23 23\" fill=\"none\"><circle cx=\"11.5\" cy=\"11.5\" r=\"11\" stroke=\"#C3C4C5\"><\/circle><path d=\"M16.2143 8H6.78571C6.57733 8 6.37748 8.08429 6.23013 8.23431C6.08278 8.38434 6 8.58783 6 8.8V15.2C6 15.4122 6.08278 15.6157 6.23013 15.7657C6.37748 15.9157 6.57733 16 6.78571 16H16.2143C16.4227 16 16.6225 15.9157 16.7699 15.7657C16.9172 15.6157 17 15.4122 17 15.2V8.8C17 8.58783 16.9172 8.38434 16.7699 8.23431C16.6225 8.08429 16.4227 8 16.2143 8ZM15.35 8.8L11.5 11.512L7.65 8.8H15.35ZM6.78571 15.2V9.164L11.2761 12.328C11.3418 12.3745 11.42 12.3993 11.5 12.3993C11.58 12.3993 11.6582 12.3745 11.7239 12.328L16.2143 9.164V15.2H6.78571Z\" fill=\"#575757\"><\/path><\/svg>\t\t\t\t<\/span>\n\t\t\t<\/div>\n\t\t\t\n\t\t\t\t\t\t<div class=\"elementor-icon-box-content\">\n\n\t\t\t\t\t\t\t\t\t<h3 class=\"elementor-icon-box-title\">\n\t\t\t\t\t\t<span  >\n\t\t\t\t\t\t\t<a href=\"mailto:contact@artificient.de\">contact@artificient.de<\/a>\t\t\t\t\t\t<\/span>\n\t\t\t\t\t<\/h3>\n\t\t\t\t\n\t\t\t\t\n\t\t\t<\/div>\n\t\t\t\n\t\t<\/div>\n\t\t\t\t\t\t<\/div>\n\t\t\t\t<div class=\"elementor-element elementor-element-36e71e1 elementor-position-inline-start elementor-mobile-position-inline-start icon-center elementor-view-default elementor-invisible elementor-widget elementor-widget-icon-box\" data-id=\"36e71e1\" data-element_type=\"widget\" data-e-type=\"widget\" data-settings=\"{&quot;_animation&quot;:&quot;fadeInUp&quot;}\" data-widget_type=\"icon-box.default\">\n\t\t\t\t\t\t\t<div class=\"elementor-icon-box-wrapper\">\n\n\t\t\t\t\t\t<div class=\"elementor-icon-box-icon\">\n\t\t\t\t<span  class=\"elementor-icon\">\n\t\t\t\t<svg xmlns=\"http:\/\/www.w3.org\/2000\/svg\" width=\"23\" height=\"23\" viewbox=\"0 0 23 23\" fill=\"none\"><circle cx=\"11.5\" cy=\"11.5\" r=\"11\" stroke=\"#C3C4C5\"><\/circle><path fill-rule=\"evenodd\" clip-rule=\"evenodd\" d=\"M7.40056 7.4288C8.08701 6.77476 9.21738 6.89097 9.79215 7.62718L10.504 8.53743C10.9721 9.13634 10.9304 9.97308 10.3748 10.5023L10.2406 10.6309C10.2253 10.6849 10.2238 10.7416 10.2361 10.7963C10.2716 11.0168 10.4639 11.4839 11.2694 12.2514C12.0749 13.019 12.5656 13.2027 12.7991 13.2373C12.858 13.2487 12.9187 13.247 12.9768 13.2325L13.2069 13.013C13.701 12.5428 14.4591 12.4547 15.0706 12.773L16.1479 13.3352C17.0713 13.8152 17.3042 15.0173 16.5484 15.7378L15.7469 16.5011C15.4942 16.7416 15.1546 16.9421 14.7406 16.9794C13.7197 17.0708 11.341 16.954 8.84059 14.5719C6.5071 12.3482 6.05924 10.4087 6.00227 9.45309C5.97407 8.96985 6.2121 8.56121 6.51556 8.27257L7.40056 7.4288ZM9.11528 8.11311C8.82931 7.74717 8.29684 7.71798 7.99677 8.00393L7.1112 8.84715C6.92506 9.02445 6.83594 9.22012 6.84722 9.40714C6.89235 10.1666 7.25334 11.9163 9.43736 13.9973C11.7285 16.18 13.8443 16.2454 14.6622 16.1719C14.8292 16.1573 14.995 16.074 15.1501 15.9265L15.9511 15.1627C16.2771 14.8524 16.2054 14.2871 15.744 14.0471L14.6667 13.4854C14.3689 13.3309 14.0203 13.3817 13.8037 13.5881L13.5471 13.833L13.2481 13.5454C13.5471 13.833 13.5465 13.8335 13.5459 13.8335L13.5454 13.8346L13.5437 13.8362L13.5397 13.8395L13.5313 13.8471C13.5075 13.8682 13.4818 13.8874 13.4546 13.9044C13.4094 13.933 13.3496 13.9649 13.2746 13.9914C13.1223 14.046 12.9204 14.0752 12.6711 14.0384C12.182 13.9665 11.5339 13.6471 10.6726 12.8265C9.81189 12.006 9.47571 11.3887 9.40013 10.9206C9.36121 10.6817 9.39224 10.4882 9.44977 10.3423C9.48143 10.2601 9.52677 10.1835 9.58401 10.1152L9.60206 10.0963L9.60996 10.0882L9.61334 10.085L9.61504 10.0833L9.61616 10.0823L9.77861 9.92767C10.02 9.69687 10.0539 9.31471 9.82656 9.02337L9.11528 8.11311Z\" fill=\"#575757\"><\/path><\/svg>\t\t\t\t<\/span>\n\t\t\t<\/div>\n\t\t\t\n\t\t\t\t\t\t<div class=\"elementor-icon-box-content\">\n\n\t\t\t\t\t\t\t\t\t<h3 class=\"elementor-icon-box-title\">\n\t\t\t\t\t\t<span  >\n\t\t\t\t\t\t\t<a href=\"tel:4915560138110\">+49 15560138110<\/a>\t\t\t\t\t\t<\/span>\n\t\t\t\t\t<\/h3>\n\t\t\t\t\n\t\t\t\t\n\t\t\t<\/div>\n\t\t\t\n\t\t<\/div>\n\t\t\t\t\t\t<\/div>\n\t\t\t\t<div class=\"elementor-element elementor-element-cee1dd3 elementor-position-inline-start elementor-mobile-position-inline-start icon-center elementor-view-default elementor-invisible elementor-widget elementor-widget-icon-box\" data-id=\"cee1dd3\" data-element_type=\"widget\" data-e-type=\"widget\" data-settings=\"{&quot;_animation&quot;:&quot;fadeInUp&quot;}\" data-widget_type=\"icon-box.default\">\n\t\t\t\t\t\t\t<div class=\"elementor-icon-box-wrapper\">\n\n\t\t\t\t\t\t<div class=\"elementor-icon-box-icon\">\n\t\t\t\t<span  class=\"elementor-icon\">\n\t\t\t\t<svg xmlns=\"http:\/\/www.w3.org\/2000\/svg\" width=\"23\" height=\"23\" viewbox=\"0 0 23 23\" fill=\"none\"><circle cx=\"11.5\" cy=\"11.5\" r=\"11\" stroke=\"#C3C4C5\"><\/circle><path d=\"M16 7L12.8069 15.8424C12.7854 15.8894 12.7508 15.9293 12.7072 15.9572C12.6637 15.9851 12.613 16 12.5613 16C12.5096 16 12.4589 15.9851 12.4154 15.9572C12.3718 15.9293 12.3372 15.8894 12.3157 15.8424L10.5963 12.4037L7.15763 10.6843C7.11059 10.6628 7.07074 10.6282 7.0428 10.5846C7.01485 10.5411 7 10.4904 7 10.4387C7 10.387 7.01485 10.3363 7.0428 10.2928C7.07074 10.2492 7.11059 10.2146 7.15763 10.1931L16 7Z\" stroke=\"#575757\" stroke-width=\"0.833333\" stroke-linecap=\"round\" stroke-linejoin=\"round\"><\/path><\/svg>\t\t\t\t<\/span>\n\t\t\t<\/div>\n\t\t\t\n\t\t\t\t\t\t<div class=\"elementor-icon-box-content\">\n\n\t\t\t\t\t\t\t\t\t<h3 class=\"elementor-icon-box-title\">\n\t\t\t\t\t\t<span  >\n\t\t\t\t\t\t\tJ\u00fclicher Str. 209 Q-S, 52070, Aachen, Germany\t\t\t\t\t\t<\/span>\n\t\t\t\t\t<\/h3>\n\t\t\t\t\n\t\t\t\t\n\t\t\t<\/div>\n\t\t\t\n\t\t<\/div>\n\t\t\t\t\t\t<\/div>\n\t\t\t\t<\/div>\n\t\t<div class=\"elementor-element elementor-element-261a6b5 e-con-full form-contact  e-flex elementor-invisible e-con e-child\" data-id=\"261a6b5\" data-element_type=\"container\" data-e-type=\"container\" data-settings=\"{&quot;background_background&quot;:&quot;classic&quot;,&quot;animation&quot;:&quot;fadeInUp&quot;}\">\n\t\t\t\t<div class=\"elementor-element elementor-element-3ef8658 elementor-widget elementor-widget-heading\" data-id=\"3ef8658\" data-element_type=\"widget\" data-e-type=\"widget\" data-widget_type=\"heading.default\">\n\t\t\t\t\t<h2 class=\"elementor-heading-title elementor-size-default\">Schreiben Sie uns<\/h2>\t\t\t\t<\/div>\n\t\t\t\t<div class=\"elementor-element elementor-element-ce8ee07 elementor-widget elementor-widget-text-editor\" data-id=\"ce8ee07\" data-element_type=\"widget\" data-e-type=\"widget\" data-widget_type=\"text-editor.default\">\n\t\t\t\t\t\t\t\t\t<p>Wir freuen uns auf Ihre Nachricht!<\/p>\t\t\t\t\t\t\t\t<\/div>\n\t\t\t\t<div class=\"elementor-element elementor-element-2838caa elementor-widget elementor-widget-shortcode\" data-id=\"2838caa\" data-element_type=\"widget\" data-e-type=\"widget\" data-widget_type=\"shortcode.default\">\n\t\t\t\t\t\t\t<div class=\"elementor-shortcode\">\n<div class=\"wpcf7 no-js\" id=\"wpcf7-f597-o1\" lang=\"en-US\" dir=\"ltr\" data-wpcf7-id=\"597\">\n<div class=\"screen-reader-response\"><p role=\"status\" aria-live=\"polite\" aria-atomic=\"true\"><\/p> <ul><\/ul><\/div>\n<form action=\"\/de\/wp-json\/wp\/v2\/pages\/585#wpcf7-f597-o1\" method=\"post\" class=\"wpcf7-form init\" aria-label=\"Contact form\" novalidate=\"novalidate\" data-status=\"init\" data-trp-original-action=\"\/de\/wp-json\/wp\/v2\/pages\/585#wpcf7-f597-o1\">\n<fieldset class=\"hidden-fields-container\"><input type=\"hidden\" name=\"_wpcf7\" value=\"597\" \/><input type=\"hidden\" name=\"_wpcf7_version\" value=\"6.1.5\" \/><input type=\"hidden\" name=\"_wpcf7_locale\" value=\"en_US\" \/><input type=\"hidden\" name=\"_wpcf7_unit_tag\" value=\"wpcf7-f597-o1\" \/><input type=\"hidden\" name=\"_wpcf7_container_post\" value=\"0\" \/><input type=\"hidden\" name=\"_wpcf7_posted_data_hash\" value=\"\" \/>\n<\/fieldset>\n<div class=\"cf7-row\">\n\t<div class=\"cf7-col\">\n\t\t<p><label>Vorname<br \/>\n<span class=\"wpcf7-form-control-wrap\" data-name=\"first-name\"><input size=\"40\" maxlength=\"400\" class=\"wpcf7-form-control wpcf7-text wpcf7-validates-as-required\" aria-required=\"true\" aria-invalid=\"false\" value=\"\" type=\"text\" name=\"first-name\" \/><\/span><br \/>\n<\/label>\n\t\t<\/p>\n\t<\/div>\n\t<div class=\"cf7-col\">\n\t\t<p><label>Nachname<br \/>\n<span class=\"wpcf7-form-control-wrap\" data-name=\"last-name\"><input size=\"40\" maxlength=\"400\" class=\"wpcf7-form-control wpcf7-text wpcf7-validates-as-required\" aria-required=\"true\" aria-invalid=\"false\" value=\"\" type=\"text\" name=\"last-name\" \/><\/span><br \/>\n<\/label>\n\t\t<\/p>\n\t<\/div>\n<\/div>\n<div class=\"cf7-row\">\n\t<div class=\"cf7-col\">\n\t\t<p><label>Unternehmen<br \/>\n<span class=\"wpcf7-form-control-wrap\" data-name=\"company\"><input size=\"40\" maxlength=\"400\" class=\"wpcf7-form-control wpcf7-text\" aria-invalid=\"false\" value=\"\" type=\"text\" name=\"company\" \/><\/span><br \/>\n<\/label>\n\t\t<\/p>\n\t<\/div>\n<\/div>\n<div class=\"cf7-row\">\n\t<div class=\"cf7-col\">\n\t\t<p><label>Email<br \/>\n<span class=\"wpcf7-form-control-wrap\" data-name=\"email\"><input size=\"40\" maxlength=\"400\" class=\"wpcf7-form-control wpcf7-email wpcf7-validates-as-required wpcf7-text wpcf7-validates-as-email\" aria-required=\"true\" aria-invalid=\"false\" value=\"\" type=\"email\" name=\"email\" \/><\/span><br \/>\n<\/label>\n\t\t<\/p>\n\t<\/div>\n<\/div>\n<div class=\"cf7-row\">\n\t<div class=\"cf7-col\">\n\t\t<p><label>Thema<br \/>\n<span class=\"wpcf7-form-control-wrap\" data-name=\"topic\"><select class=\"wpcf7-form-control wpcf7-select wpcf7-validates-as-required\" aria-required=\"true\" aria-invalid=\"false\" name=\"topic\"><option value=\"Select a Topic\">Thema ausw\u00e4hlen<\/option><option value=\"Digital Insurance\">Vernetzte Versicherung<\/option><option value=\"Car Rental &amp; Sharing\">Autovermietung &amp; Carsharing<\/option><option value=\"Logistics &amp; Gig Fleets\">Logistics &amp; Gig Fleets<\/option><option value=\"Healthcare &amp; HR\">Healthcare &amp; HR<\/option><option value=\"Products\">Produkte<\/option><option value=\"General Inquiry\">Allgemeine Anfrage<\/option><\/select><\/span><br \/>\n<\/label>\n\t\t<\/p>\n\t<\/div>\n<\/div>\n<div class=\"cf7-row\">\n\t<div class=\"cf7-col\">\n\t\t<p><label><br \/>\n<span class=\"wpcf7-form-control-wrap\" data-name=\"message\"><textarea cols=\"40\" rows=\"10\" maxlength=\"2000\" class=\"wpcf7-form-control wpcf7-textarea wpcf7-validates-as-required\" aria-required=\"true\" aria-invalid=\"false\" placeholder=\"\" name=\"message\"><\/textarea><\/span><br \/>\n<\/label>\n\t\t<\/p>\n\t<\/div>\n<\/div>\n<p><input class=\"wpcf7-form-control wpcf7-submit has-spinner\" type=\"submit\" value=\"Absenden\" \/>\n<\/p><div class=\"wpcf7-response-output\" aria-hidden=\"true\"><\/div>\n<input type=\"hidden\" name=\"trp-form-language\" value=\"de\"\/><\/form>\n<\/div>\n<\/div>\n\t\t\t\t\t\t<\/div>\n\t\t\t\t<\/div>\n\t\t\t\t<\/div>\n\t\t\t\t\t<\/div>\n\t\t\t\t<\/div>\n\t\t\t\t<\/div>","protected":false},"excerpt":{"rendered":"<p>Contact us Always Here to Help &#8211; Reach Out Anytime You can contact us via email, phone, or by filling out the form on this page. We strive to respond promptly and look forward to connecting with you soon! contact@artificient.de +49 15560138110 J\u00fclicher Str. 209 Q-S, 52070, Aachen, Germany Write to us We\u2019d love to [&hellip;]<\/p>\n","protected":false},"author":1,"featured_media":0,"parent":0,"menu_order":0,"comment_status":"closed","ping_status":"closed","template":"elementor_header_footer","meta":{"inline_featured_image":false,"footnotes":""},"class_list":["post-585","page","type-page","status-publish","hentry"],"_links":{"self":[{"href":"https:\/\/artificient.de\/de\/wp-json\/wp\/v2\/pages\/585","targetHints":{"allow":["GET"]}}],"collection":[{"href":"https:\/\/artificient.de\/de\/wp-json\/wp\/v2\/pages"}],"about":[{"href":"https:\/\/artificient.de\/de\/wp-json\/wp\/v2\/types\/page"}],"author":[{"embeddable":true,"href":"https:\/\/artificient.de\/de\/wp-json\/wp\/v2\/users\/1"}],"replies":[{"embeddable":true,"href":"https:\/\/artificient.de\/de\/wp-json\/wp\/v2\/comments?post=585"}],"version-history":[{"count":94,"href":"https:\/\/artificient.de\/de\/wp-json\/wp\/v2\/pages\/585\/revisions"}],"predecessor-version":[{"id":1805,"href":"https:\/\/artificient.de\/de\/wp-json\/wp\/v2\/pages\/585\/revisions\/1805"}],"wp:attachment":[{"href":"https:\/\/artificient.de\/de\/wp-json\/wp\/v2\/media?parent=585"}],"curies":[{"name":"wp","href":"https:\/\/api.w.org\/{rel}","templated":true}]}}